{"id":38,"date":"2017-11-19T18:13:01","date_gmt":"2017-11-19T17:13:01","guid":{"rendered":"http:\/\/genappe-perd-la-boule.be\/?page_id=38"},"modified":"2024-11-15T12:29:07","modified_gmt":"2024-11-15T11:29:07","slug":"programmation-2018","status":"publish","type":"page","link":"https:\/\/maboule.be\/index.php\/programmation-2018\/","title":{"rendered":"programmation 2018"},"content":{"rendered":"<div class=\"wpb-content-wrapper\"><p>[vc_row css_animation=\u00a0\u00bb\u00a0\u00bb row_type=\u00a0\u00bbrow\u00a0\u00bb use_row_as_full_screen_section=\u00a0\u00bbno\u00a0\u00bb type=\u00a0\u00bbfull_width\u00a0\u00bb angled_section=\u00a0\u00bbno\u00a0\u00bb text_align=\u00a0\u00bbleft\u00a0\u00bb background_image_as_pattern=\u00a0\u00bbwithout_pattern\u00a0\u00bb][vc_column][vc_column_text]<\/p>\n<h1><\/h1>\n<p>[vc_text_separator title=\u00a0\u00bbSPECTACLES EN SALLE\u00a0\u00bb border=\u00a0\u00bbno\u00a0\u00bb]<\/p>\n<h2>Poli D\u00e9gaine<\/h2>\n<h3>Compagnie La Pendue (France)<\/h3>\n<h4>Tout public \u00e0 partir de 7 ans \u2013 55 min<\/h4>\n<h5><strong>Au MONTY<br \/>\n<\/strong><\/h5>\n<h5><em>Samedi 15 \u00a0d\u00e9cembre \u00e0 15H30 et dimanche 16\u00a0<\/em><i>d\u00e9cembre \u00e0 15H30 et 17H30<\/i><\/h5>\n<p><img loading=\"lazy\" decoding=\"async\" class=\"wp-image-352 alignleft\" src=\"http:\/\/genappe-perd-la-boule.be\/wp-content\/uploads\/2018\/10\/poli_degaine.jpg\" alt=\"\" width=\"451\" height=\"277\" srcset=\"https:\/\/maboule.be\/wp-content\/uploads\/2018\/10\/poli_degaine.jpg 580w, https:\/\/maboule.be\/wp-content\/uploads\/2018\/10\/poli_degaine-300x184.jpg 300w\" sizes=\"auto, (max-width: 451px) 100vw, 451px\" \/><\/p>\n<p>Deux marionnettistes en cavale trimbalent une arme d\u2019hilarit\u00e9 massive : ils d\u00e9gainent la marionnette la plus c\u00e9l\u00e8bre du monde, Polichinelle, et s\u2019appr\u00eatent, avec un enthousiasme effr\u00e9n\u00e9, \u00e0 donner le spectacle dont ils ont vant\u00e9 l\u2019exceptionnel m\u00e9rite. Mais, \u00e9videmment, rien ne se passe comme pr\u00e9vu.<br \/>\nBienvenue dans la fr\u00e9n\u00e9sie d\u2019une nouvelle version de Polichinelle d\u00e9clenchant des rafales d\u2019\u00e9clats de rire qui ravagent sans distinction les enfants comme les adultes\u00a0!<\/p>\n<p><a href=\"https:\/\/www.lapendue.fr\/\">www.lapendue.fr<\/a>[\/vc_column_text][vc_zigzag color=\u00a0\u00bbcustom\u00a0\u00bb][vc_column_text]<\/p>\n<h2><strong>Tria Fata<\/strong><\/h2>\n<h3>Compagnie\u00a0La Pendue (France)<\/h3>\n<h4>Tout public \u00e0 partir de 10 ans \u2013 55 min<\/h4>\n<h5><strong>AU MONTY<\/strong><\/h5>\n<h5><em><strong>Vendredi 14 d\u00e9cembre \u00e0 20H30<\/strong><\/em><\/h5>\n<h5><em><strong>Samedi 15 d\u00e9cembre \u00e0 19H30<\/strong><\/em><\/h5>\n<p><img loading=\"lazy\" decoding=\"async\" class=\" wp-image-365 alignleft\" src=\"http:\/\/genappe-perd-la-boule.be\/wp-content\/uploads\/2018\/10\/tria-fata-2016_5-1024x683.jpg\" alt=\"\" width=\"451\" height=\"301\" \/><\/p>\n<p>Une vieille dame aux prises avec la Mort entend bien retarder l\u2019\u00e9ch\u00e9ance finale. L\u2019heure fatidique a beau avoir sonn\u00e9, elle entame, pleine de ressources, des n\u00e9gociations avec la Grande Faucheuse\u2026<\/p>\n<p>Rares sont les spectacles qui r\u00e9unissent autant d\u2019ingr\u00e9dients\u00a0: \u00e0 la fois magique, virtuose, po\u00e9tique\u00a0et burlesque, ce spectacle d\u2019une incroyable puissance \u00e9motionnelle r\u00e9jouira les amoureux de la marionnette et enthousiasmera les autres\u00a0!<\/p>\n<p><a href=\"https:\/\/www.lapendue.fr\/\">www.lapendue.fr<\/a>[\/vc_column_text][vc_zigzag][vc_column_text]<\/p>\n<h2>Hulul<\/h2>\n<h3>Th\u00e9\u00e2tre du Papyrus (Belgique)<\/h3>\n<h4>Tout public \u00e0 partir de 4 ans &#8211; \u00a045 mn + 15 mn<\/h4>\n<h5>Salle\u00a0Polyvalente\u00a0Espace 2000<\/h5>\n<h5><em>Samedi 15 et dimanche 16 d\u00e9cembre \u00e0 11H30 et 16H<\/em><\/h5>\n<h4><img loading=\"lazy\" decoding=\"async\" class=\"alignleft wp-image-364 size-full\" src=\"http:\/\/genappe-perd-la-boule.be\/wp-content\/uploads\/2018\/10\/hulul-10_WEB40-e1539629642135.jpg\" alt=\"\" width=\"450\" height=\"298\" \/><\/h4>\n<p>Hulul, le hibou, Hulul, le solitaire, n\u2019est jamais aussi heureux que lorsqu\u2019il a des invit\u00e9s. Ce soir, il nous ouvre sa porte et rien ne pourra l\u2019emp\u00eacher de raconter ce qu\u2019il note dans ses livres\u2026<\/p>\n<p>Installez-vous dans le creux de son arbre et voyez comment l\u2019hiver fut son invit\u00e9 un soir de vent et de froidure, comment follement il essaya d\u2019\u00eatre en m\u00eame temps \u00e0 l\u2019\u00e9tage et au rez-de-chauss\u00e9e et comment il trouva la recette du th\u00e9 aux larmes\u2026<\/p>\n<p>Un spectacle qu\u2019on re\u00e7oit comme un cadeau.<\/p>\n<p>Apr\u00e8s <em>Le petit peuple de la brume <\/em>en 2016, le Th\u00e9\u00e2tre du Papyrus nous offre un tr\u00e9sor de po\u00e9sie et de fantaisie: <em>Hulul<\/em>, d\u2019apr\u00e8s le livre d\u2019Arnold Lobel<\/p>\n<p><a href=\"http:\/\/www.theatredupapyrus.be\">www.theatredupapyrus.be<\/a>[\/vc_column_text][vc_zigzag][\/vc_column][\/vc_row][vc_column][\/vc_column][vc_column_text]<\/p>\n<h2>Dal Vivo!<\/h2>\n<h3>Flop (France)<\/h3>\n<h4>Tout public \u00e0 partir de 3 ans &#8211; 35 min<\/h4>\n<h5>Salle St Martin<\/h5>\n<h5><em>Samedi 15 d\u00e9cembre \u00e0 14H et 18H<br \/>\n<\/em><em>Dimanche 16 d\u00e9cembre \u00e0 14H et 16H30<\/em><\/h5>\n<p><img loading=\"lazy\" decoding=\"async\" class=\"wp-image-354 alignleft\" src=\"http:\/\/genappe-perd-la-boule.be\/wp-content\/uploads\/2018\/10\/dal-vivo-7265.jpg\" alt=\"\" width=\"436\" height=\"299\" srcset=\"https:\/\/maboule.be\/wp-content\/uploads\/2018\/10\/dal-vivo-7265.jpg 600w, https:\/\/maboule.be\/wp-content\/uploads\/2018\/10\/dal-vivo-7265-300x206.jpg 300w\" sizes=\"auto, (max-width: 436px) 100vw, 436px\" \/><\/p>\n<p>Flop, magicien de l\u2019ombre et de la mati\u00e8re, peint en direct des tableaux \u00e9ph\u00e9m\u00e8res avec la lumi\u00e8re. Alors que nous sommes satur\u00e9s d\u2019\u00e9crans de toutes sortes, Flop cr\u00e9e des images fragiles et simples qui invitent \u00e0 la r\u00eaverie.<\/p>\n<p>Une exp\u00e9rience contemplative, sensible, po\u00e9tique\u00a0et belle!<\/p>\n<p><a href=\"http:\/\/www.floplefebvre.fr\">http:\/\/www.floplefebvre.fr<\/a>[\/vc_column_text][vc_zigzag][vc_column_text]<\/p>\n<h2>Le Pique Nique<\/h2>\n<h3>Les Karyatides (Belgique)<\/h3>\n<h4>Tout public \u00e0 partir\u00a0de 5 ans &#8211; \u00a025 min<\/h4>\n<h5>P\u00f4le 38<\/h5>\n<h5><em>Samedi 15 d\u00e9cembre \u00e0 14H et 17H<\/em><\/h5>\n<p><img loading=\"lazy\" decoding=\"async\" class=\"wp-image-356 size-full alignleft\" src=\"http:\/\/genappe-perd-la-boule.be\/wp-content\/uploads\/2018\/10\/Visuel-PiqueNique-JUIN-2018allege.png\" alt=\"\" width=\"292\" height=\"422\" srcset=\"https:\/\/maboule.be\/wp-content\/uploads\/2018\/10\/Visuel-PiqueNique-JUIN-2018allege.png 292w, https:\/\/maboule.be\/wp-content\/uploads\/2018\/10\/Visuel-PiqueNique-JUIN-2018allege-208x300.png 208w\" sizes=\"auto, (max-width: 292px) 100vw, 292px\" \/><\/p>\n<p>Il est roi, elle est reine, ils sont g\u00e9ants. Pour tromper l\u2019ennui d\u00fb \u00e0 leur rang, ils s\u2019en vont pique-niquer sur leurs terres\u2026<\/p>\n<p>Une libre adaptation des aventures de <em>Gargantua\u00a0<\/em>et\u00a0<em>Pantagruel<\/em>, truculente, po\u00e9tique et trait\u00e9e \u00e0 la sauce du th\u00e9\u00e2tre d\u2019objet<em>.<\/em><\/p>\n<p>Rabelais risque fort de se retourner dans sa tombe\u00a0!<\/p>\n<p><a href=\"http:\/\/www.karyatides.net\/\">www.karyatides.net<\/a><\/p>\n<p>[\/vc_column_text][vc_zigzag][vc_column_text]<\/p>\n<h2>Et les 7 nains<\/h2>\n<h3>Th\u00e9\u00e2tre Magnetic (Belgique)<\/h3>\n<h4>Tout public \u00e0 partir de 6 ans &#8211; 25 min<\/h4>\n<h5>P\u00f4le 38<\/h5>\n<h5><em>Dimanche 16 d\u00e9cembre \u00e0 14H et 16H<\/em><\/h5>\n<p><img loading=\"lazy\" decoding=\"async\" class=\"wp-image-357 size-full alignleft\" src=\"http:\/\/genappe-perd-la-boule.be\/wp-content\/uploads\/2018\/10\/visuel-7-nains.jpg\" alt=\"\" width=\"423\" height=\"303\" srcset=\"https:\/\/maboule.be\/wp-content\/uploads\/2018\/10\/visuel-7-nains.jpg 423w, https:\/\/maboule.be\/wp-content\/uploads\/2018\/10\/visuel-7-nains-300x215.jpg 300w\" sizes=\"auto, (max-width: 423px) 100vw, 423px\" \/><\/p>\n<p>\u00catre belle c&rsquo;est bien, mais \u00eatre trop belle suscite la jalousie.<br \/>\nPour ne pas risquer sa vie, Blanche-Neige va devoir se cacher dans la for\u00eat o\u00f9 elle trouvera des alli\u00e9s de taille, enfin de petite taille\u00a0!<\/p>\n<p><em>Rappelez-vous : en 2015, on vous servait une version carnivore et d\u00e9sopilante des 3 Petits Cochons. Cette ann\u00e9e, le Th\u00e9\u00e2tre Magn\u00e9tic remet le couvert avec sa toute nouvelle cr\u00e9ation<\/em>.<\/p>\n<p><a href=\"http:\/\/theatremagnetic.be\">http:\/\/theatremagnetic.be<\/a>[\/vc_column_text][vc_zigzag][vc_column_text]<\/p>\n<h2>Envahisseurs<\/h2>\n<h3>Compagnie Bak\u00e9lite (France)<\/h3>\n<h4>Tout public \u00e0 partir de 6 ans &#8211; 25 min<\/h4>\n<h5>Maison des jeunes BUG 1<\/h5>\n<h5><em>Samedi 15 d\u00e9cembre \u00e0 14H45, 16H et 18H\u00a0<\/em><\/h5>\n<h5><em>dimanche 16 d\u00e9cembre \u00e0 14H30, 15H30 et 16H30<\/em><\/h5>\n<h2><img loading=\"lazy\" decoding=\"async\" class=\"wp-image-413 alignleft\" src=\"http:\/\/genappe-perd-la-boule.be\/wp-content\/uploads\/2018\/10\/envahi-6-bak\u00e9lite-1024x685.jpg\" alt=\"\" width=\"432\" height=\"289\" \/><\/h2>\n<p>Sommes-nous seuls dans l\u2019univers ? Et bien non ! Les petits hommes verts d\u00e9barquent sur notre plan\u00e8te. Mais le monde est-il pr\u00eat \u00e0 accueillir ces \u00e9tranges cr\u00e9atures venues d\u2019ailleurs ? La confrontation est in\u00e9vitable. Vous voulez voir le d\u00e9but de la fin du monde ??? Alors, venez\u00a0!<\/p>\n<p><em>Apr\u00e8s vous avoir donn\u00e9 la chair de poule en 2016 avec \u00ab\u00a0La Caravane de l\u2019Horreur\u00a0\u00bb, la Compagnie Bak\u00e9lite est de retour avec son nouvel ovni inspir\u00e9 des premiers films de science-fiction.<\/em><\/p>\n<p><a href=\"http:\/\/www.compagnie-bakelite.com\">http:\/\/www.compagnie-bakelite.com<\/a>[\/vc_column_text][vc_zigzag][vc_text_separator title=\u00a0\u00bbSOUS CHAPITEAU\u00a0\u00bb border=\u00a0\u00bbno\u00a0\u00bb][vc_column_text]<\/p>\n<h2>Trip Tout Petit<\/h2>\n<h3>Audrey Dero &amp; Griet Herssens (Belgique)<\/h3>\n<h4>Tout public \u00e0 partir de 4 ans- 15 min par groupe de 1 \u00e0 4 pers<\/h4>\n<h5>Rue de Bruxelles<\/h5>\n<h5><em>Samedi 15 d\u00e9cembre de 13H30 \u00e0 15H30 et de 17H \u00e0 19H <\/em><\/h5>\n<h5><em>Dimanche 16 d\u00e9cembre de\u00a013H30 \u00e0 15H30 et de 16H \u00e0 18H<\/em><\/h5>\n<p><img loading=\"lazy\" decoding=\"async\" class=\"wp-image-359 alignleft\" src=\"http:\/\/genappe-perd-la-boule.be\/wp-content\/uploads\/2018\/10\/triptoutpetitcheckin2_670.jpg\" alt=\"\" width=\"460\" height=\"345\" srcset=\"https:\/\/maboule.be\/wp-content\/uploads\/2018\/10\/triptoutpetitcheckin2_670.jpg 670w, https:\/\/maboule.be\/wp-content\/uploads\/2018\/10\/triptoutpetitcheckin2_670-300x225.jpg 300w\" sizes=\"auto, (max-width: 460px) 100vw, 460px\" \/><\/p>\n<p>Pr\u00eats \u00e0 vous \u00e9vader? Install\u00e9s dans un transat \u00e0 bord d\u2019une coquille de noix cette agence de voyages visuels vous propose des mini-trips intimes.<\/p>\n<p>Les deux h\u00f4tesses de ce th\u00e9\u00e2tre de papier seront l\u00e0 pour vous aider \u00e0 choisir votre destination avant de vous faire d\u00e9coller\u00a0!<\/p>\n<p><a href=\"https:\/\/cargocollective.com\/audreydero\/\">https:\/\/cargocollective.com\/audreydero\/<\/a>[\/vc_column_text][vc_zigzag][vc_column_text]<\/p>\n<h2><strong>Room Service<\/strong><\/h2>\n<h3>Cie. O quel dommage (Belgique)<\/h3>\n<h4>Tout public \u00e0 partir de 5 ans \u00a0&#8211; \u00a025 min<\/h4>\n<h5>Chapiteau Grand Place<\/h5>\n<h5><em>Samedi 15 d\u00e9cembre \u00e0 14H, 15H, 16H30 et 18H<\/em><\/h5>\n<h5><em>Dimanche 16 d\u00e9cembre \u00e0 14H, 15H, 16H et 17H<\/em><\/h5>\n<p><img loading=\"lazy\" decoding=\"async\" class=\"wp-image-360 alignleft\" src=\"http:\/\/genappe-perd-la-boule.be\/wp-content\/uploads\/2018\/10\/room-service-e1539628347406.jpg\" alt=\"\" width=\"449\" height=\"299\" \/><\/p>\n<p>Une cuill\u00e8re pour maman, une cuill\u00e8re pour papa&#8230; ou pas ! Un b\u00e9b\u00e9 subit les caprices incoh\u00e9rents d\u2019une m\u00e8re \u00e9puis\u00e9e et d\u00e9pass\u00e9e.<\/p>\n<p>Entresort forain, bouffon, aux fronti\u00e8res de la\u00a0gagatisation qui d\u00e9tourne les\u00a0st\u00e9r\u00e9otypes sur la maternit\u00e9.<\/p>\n<p>Farce, d\u00e9calage et humour f\u00e9roce garantis, Fran\u00e7oise Dolto peut aller se rhabiller\u00a0!<\/p>\n<p><a href=\"http:\/\/www.oqueldommage.be\">www.oqueldommage.be<\/a>[\/vc_column_text][vc_column_text]<\/p>\n<p>[\/vc_column_text][vc_zigzag][vc_text_separator title=\u00a0\u00bbLES ANIMATIONS DE RUE\u00a0\u00bb border=\u00a0\u00bbno\u00a0\u00bb][vc_column_text]<\/p>\n<h2>KluG<\/h2>\n<h3>Morgan Euzenat (France)<\/h3>\n<h4>Tout public<\/h4>\n<h5><em>Samedi 15 et dimanche 16 d\u00e9cembre &#8211; d\u00e9ambulation de 14H30 \u00e0 18H30<\/em><\/h5>\n<p><img loading=\"lazy\" decoding=\"async\" class=\"wp-image-361 alignleft\" src=\"http:\/\/genappe-perd-la-boule.be\/wp-content\/uploads\/2018\/10\/event_klug_750567.jpg\" alt=\"\" width=\"349\" height=\"233\" srcset=\"https:\/\/maboule.be\/wp-content\/uploads\/2018\/10\/event_klug_750567.jpg 700w, https:\/\/maboule.be\/wp-content\/uploads\/2018\/10\/event_klug_750567-300x201.jpg 300w\" sizes=\"auto, (max-width: 349px) 100vw, 349px\" \/><\/p>\n<p>Un \u00eatre m\u00e9canique, dr\u00f4le de bestiole aux yeux expressifs dot\u00e9 de paupi\u00e8res en m\u00e9tal, d\u00e9ambule au hasard des rencontres. Mais est-ce vraiment une machine\u00a0?<\/p>\n<p>KluG explorera Genappe, pr\u00e9parez-vous \u00e0 le rencontrer au d\u00e9tour d\u2019une rue\u00a0!<\/p>\n<p><a href=\"http:\/\/www.klug.fr\/klug_compagnie\/Accueil.html\">www.klug.fr<\/a>[\/vc_column_text][vc_zigzag][vc_column_text]<\/p>\n<h2><strong>Carrousel Titanos<\/strong><\/h2>\n<h3>Compagnie Titanos (France)<\/h3>\n<h4>\u00c0 partir de 2 ans<\/h4>\n<h5>Grand place<\/h5>\n<h5><em>Samedi 15 d\u00e9cembre <\/em><em>de 14h \u00e0 18H<\/em><\/h5>\n<h5><em>Dimanche 16 d\u00e9cembre\u00a0<\/em><em>de 14h30 \u00e0 18H30<\/em><\/h5>\n<p><img loading=\"lazy\" decoding=\"async\" class=\"wp-image-362 alignleft\" src=\"http:\/\/genappe-perd-la-boule.be\/wp-content\/uploads\/2018\/10\/titanos-1024x682.jpg\" alt=\"\" width=\"478\" height=\"318\" \/><\/p>\n<p>Un carrousel d\u00e9licieusement r\u00e9cup-r\u00e9tro, dr\u00f4le et d\u00e9cal\u00e9 qui porte un coup fatal \u00e0 l&rsquo;image fig\u00e9e du man\u00e8ge\u2026<\/p>\n<p>Cela faisait tr\u00e8s longtemps que nous r\u00eavions d\u2019inviter ce superbe man\u00e8ge, le voil\u00e0 enfin \u00e0 Genappe!<\/p>\n<p><a href=\"https:\/\/manegetitanos.weebly.com\">https:\/\/manegetitanos.weebly.com<\/a>[\/vc_column_text][vc_zigzag][vc_column_text]<\/p>\n<h2><strong>Le bambou est dans la place<\/strong><\/h2>\n<h3>Patrimoine \u00e0 roulettes (Belgique)<\/h3>\n<h5>Rue de Bruxelles<\/h5>\n<h5><em>Samedi 15 et dimanche 16 d\u00e9cembre de 14H \u00e0 18H<\/em><\/h5>\n<p><img loading=\"lazy\" decoding=\"async\" class=\"wp-image-411 alignleft\" src=\"http:\/\/genappe-perd-la-boule.be\/wp-content\/uploads\/2018\/10\/LE-BAMBOU-EST-DANS-LA-PLACE-768x1024.jpg\" alt=\"\" width=\"358\" height=\"477\" \/>Au d\u00e9but il y a un bouquet de bambous comme un \u00e9norme mikado\u2026 Et puis il y a le public qui est invit\u00e9 \u00e0 b\u00e2tir une M\u00e9ga-construction qui envahira petit \u00e0 petit la rue de Bruxelles.<\/p>\n<p>Simple, ludique et cr\u00e9atif\u00a0!<\/p>\n<p><a href=\"https:\/\/www.facebook.com\/patrimoine.aroulettes\">https:\/\/www.facebook.com\/patrimoine.aroulettes<\/a>[\/vc_column_text]<\/p>\n<\/div>","protected":false},"excerpt":{"rendered":"<p>[vc_row css_animation=\u00a0\u00bb\u00a0\u00bb row_type=\u00a0\u00bbrow\u00a0\u00bb use_row_as_full_screen_section=\u00a0\u00bbno\u00a0\u00bb type=\u00a0\u00bbfull_width\u00a0\u00bb angled_section=\u00a0\u00bbno\u00a0\u00bb text_align=\u00a0\u00bbleft\u00a0\u00bb background_image_as_pattern=\u00a0\u00bbwithout_pattern\u00a0\u00bb][vc_column][vc_column_text] [vc_text_separator title=\u00a0\u00bbSPECTACLES EN SALLE\u00a0\u00bb border=\u00a0\u00bbno\u00a0\u00bb] Poli D\u00e9gaine Compagnie La Pendue (France) Tout public \u00e0 partir de 7 ans \u2013 55 min Au MONTY Samedi 15 \u00a0d\u00e9cembre \u00e0 15H30 et dimanche 16\u00a0d\u00e9cembre \u00e0 15H30 et 17H30 Deux marionnettistes&#8230;<\/p>\n","protected":false},"author":2,"featured_media":0,"parent":0,"menu_order":0,"comment_status":"closed","ping_status":"closed","template":"","meta":{"inline_featured_image":false,"footnotes":""},"class_list":["post-38","page","type-page","status-publish","hentry"],"_links":{"self":[{"href":"https:\/\/maboule.be\/index.php\/wp-json\/wp\/v2\/pages\/38","targetHints":{"allow":["GET"]}}],"collection":[{"href":"https:\/\/maboule.be\/index.php\/wp-json\/wp\/v2\/pages"}],"about":[{"href":"https:\/\/maboule.be\/index.php\/wp-json\/wp\/v2\/types\/page"}],"author":[{"embeddable":true,"href":"https:\/\/maboule.be\/index.php\/wp-json\/wp\/v2\/users\/2"}],"replies":[{"embeddable":true,"href":"https:\/\/maboule.be\/index.php\/wp-json\/wp\/v2\/comments?post=38"}],"version-history":[{"count":47,"href":"https:\/\/maboule.be\/index.php\/wp-json\/wp\/v2\/pages\/38\/revisions"}],"predecessor-version":[{"id":863,"href":"https:\/\/maboule.be\/index.php\/wp-json\/wp\/v2\/pages\/38\/revisions\/863"}],"wp:attachment":[{"href":"https:\/\/maboule.be\/index.php\/wp-json\/wp\/v2\/media?parent=38"}],"curies":[{"name":"wp","href":"https:\/\/api.w.org\/{rel}","templated":true}]}}