{"id":329,"date":"2017-12-19T18:28:30","date_gmt":"2017-12-19T17:28:30","guid":{"rendered":"http:\/\/genappe-perd-la-boule.be\/?page_id=329"},"modified":"2024-11-15T12:30:23","modified_gmt":"2024-11-15T11:30:23","slug":"maboule-18-presse","status":"publish","type":"page","link":"https:\/\/maboule.be\/index.php\/maboule-18-presse\/","title":{"rendered":"Maboule 18 Presse"},"content":{"rendered":"<ul>\n<li>Genappe perd la boule. De la slow-marionnette &#8211; Le Soir MAD 12.12.2018<\/li>\n<\/ul>\n<p><img loading=\"lazy\" decoding=\"async\" class=\"alignnone size-full wp-image-529\" src=\"http:\/\/genappe-perd-la-boule.be\/wp-content\/uploads\/2019\/01\/Genappe-perd-la-boule.-De-la-slow-marionnette-Le-Soir-MAD-12.12.2018.jpg\" alt=\"\" width=\"595\" height=\"841\" srcset=\"https:\/\/maboule.be\/wp-content\/uploads\/2019\/01\/Genappe-perd-la-boule.-De-la-slow-marionnette-Le-Soir-MAD-12.12.2018.jpg 595w, https:\/\/maboule.be\/wp-content\/uploads\/2019\/01\/Genappe-perd-la-boule.-De-la-slow-marionnette-Le-Soir-MAD-12.12.2018-212x300.jpg 212w\" sizes=\"auto, (max-width: 595px) 100vw, 595px\" \/><\/p>\n<ul>\n<li>La F\u00e9erie Genappoise va vous faire perdre la Boule &#8211; VLAN L&rsquo;Aclot 05.12.2018<img loading=\"lazy\" decoding=\"async\" class=\"alignnone size-full wp-image-530\" src=\"http:\/\/genappe-perd-la-boule.be\/wp-content\/uploads\/2019\/01\/Genappe-La-F\u00e9erie-Genappoise-va-vous-faire-perdre-la-Boule-VLAN-LAclot-05.12.2018.jpg\" alt=\"\" width=\"595\" height=\"841\" srcset=\"https:\/\/maboule.be\/wp-content\/uploads\/2019\/01\/Genappe-La-F\u00e9erie-Genappoise-va-vous-faire-perdre-la-Boule-VLAN-LAclot-05.12.2018.jpg 595w, https:\/\/maboule.be\/wp-content\/uploads\/2019\/01\/Genappe-La-F\u00e9erie-Genappoise-va-vous-faire-perdre-la-Boule-VLAN-LAclot-05.12.2018-212x300.jpg 212w\" sizes=\"auto, (max-width: 595px) 100vw, 595px\" \/><img loading=\"lazy\" decoding=\"async\" class=\"alignnone size-full wp-image-531\" src=\"http:\/\/genappe-perd-la-boule.be\/wp-content\/uploads\/2019\/01\/Genappe-2-La-F\u00e9erie-Genappoise-va-vous-faire-perdre-la-Boule-VLAN-LAclot-05.12.2018.jpg\" alt=\"\" width=\"841\" height=\"595\" srcset=\"https:\/\/maboule.be\/wp-content\/uploads\/2019\/01\/Genappe-2-La-F\u00e9erie-Genappoise-va-vous-faire-perdre-la-Boule-VLAN-LAclot-05.12.2018.jpg 841w, https:\/\/maboule.be\/wp-content\/uploads\/2019\/01\/Genappe-2-La-F\u00e9erie-Genappoise-va-vous-faire-perdre-la-Boule-VLAN-LAclot-05.12.2018-300x212.jpg 300w, https:\/\/maboule.be\/wp-content\/uploads\/2019\/01\/Genappe-2-La-F\u00e9erie-Genappoise-va-vous-faire-perdre-la-Boule-VLAN-LAclot-05.12.2018-768x543.jpg 768w, https:\/\/maboule.be\/wp-content\/uploads\/2019\/01\/Genappe-2-La-F\u00e9erie-Genappoise-va-vous-faire-perdre-la-Boule-VLAN-LAclot-05.12.2018-700x495.jpg 700w\" sizes=\"auto, (max-width: 841px) 100vw, 841px\" \/><\/li>\n<li>Des marionnettes d\u00e9jant\u00e9es &#8211; Proximag 05.12.2018<\/li>\n<\/ul>\n<p><img loading=\"lazy\" decoding=\"async\" class=\"alignnone size-full wp-image-532\" src=\"http:\/\/genappe-perd-la-boule.be\/wp-content\/uploads\/2019\/01\/Genappe-Des-marionnettes-d\u00e9jant\u00e9es-Proximag-05.12.2018.jpg\" alt=\"\" width=\"595\" height=\"841\" srcset=\"https:\/\/maboule.be\/wp-content\/uploads\/2019\/01\/Genappe-Des-marionnettes-d\u00e9jant\u00e9es-Proximag-05.12.2018.jpg 595w, https:\/\/maboule.be\/wp-content\/uploads\/2019\/01\/Genappe-Des-marionnettes-d\u00e9jant\u00e9es-Proximag-05.12.2018-212x300.jpg 212w\" sizes=\"auto, (max-width: 595px) 100vw, 595px\" \/><\/p>\n<ul>\n<li><span class=\"Apple-converted-space\">\u00a0A la T.V.:\u00a0<\/span><b>https:\/\/www.tvcom.be\/video\/culture\/l-invite-vincent-girboux-genappe-perd-la-boule_23101.html<span class=\"Apple-converted-space\"><br \/>\n<\/span><\/b><\/li>\n<\/ul>\n<p style=\"text-align: center;\"><b><span class=\"Apple-converted-space\">***<\/span><\/b><\/p>\n<p><strong>GPLB 2017<\/strong><\/p>\n<ul>\n<li>Le Soir D\u00e9cembre 2017<\/li>\n<\/ul>\n<ul>\n<li><img loading=\"lazy\" decoding=\"async\" class=\"alignnone size-large wp-image-341\" src=\"http:\/\/genappe-perd-la-boule.be\/wp-content\/uploads\/2017\/12\/171214LeSoirTofTheatre30ans-697x1024.jpg\" alt=\"\" width=\"697\" height=\"1024\" srcset=\"https:\/\/maboule.be\/wp-content\/uploads\/2017\/12\/171214LeSoirTofTheatre30ans-697x1024.jpg 697w, https:\/\/maboule.be\/wp-content\/uploads\/2017\/12\/171214LeSoirTofTheatre30ans-204x300.jpg 204w, https:\/\/maboule.be\/wp-content\/uploads\/2017\/12\/171214LeSoirTofTheatre30ans-768x1128.jpg 768w, https:\/\/maboule.be\/wp-content\/uploads\/2017\/12\/171214LeSoirTofTheatre30ans-700x1028.jpg 700w\" sizes=\"auto, (max-width: 697px) 100vw, 697px\" \/>Vlan<\/li>\n<li><img loading=\"lazy\" decoding=\"async\" class=\"alignnone size-large wp-image-332\" src=\"http:\/\/genappe-perd-la-boule.be\/wp-content\/uploads\/2017\/12\/vlan1-721x1024.jpg\" alt=\"\" width=\"721\" height=\"1024\" srcset=\"https:\/\/maboule.be\/wp-content\/uploads\/2017\/12\/vlan1-721x1024.jpg 721w, https:\/\/maboule.be\/wp-content\/uploads\/2017\/12\/vlan1-211x300.jpg 211w, https:\/\/maboule.be\/wp-content\/uploads\/2017\/12\/vlan1-768x1090.jpg 768w, https:\/\/maboule.be\/wp-content\/uploads\/2017\/12\/vlan1-700x994.jpg 700w\" sizes=\"auto, (max-width: 721px) 100vw, 721px\" \/><img loading=\"lazy\" decoding=\"async\" class=\"alignnone size-large wp-image-336\" src=\"http:\/\/genappe-perd-la-boule.be\/wp-content\/uploads\/2017\/12\/vlan2-1024x947.jpg\" alt=\"\" width=\"1024\" height=\"947\" srcset=\"https:\/\/maboule.be\/wp-content\/uploads\/2017\/12\/vlan2-1024x947.jpg 1024w, https:\/\/maboule.be\/wp-content\/uploads\/2017\/12\/vlan2-300x278.jpg 300w, https:\/\/maboule.be\/wp-content\/uploads\/2017\/12\/vlan2-768x711.jpg 768w, https:\/\/maboule.be\/wp-content\/uploads\/2017\/12\/vlan2-700x648.jpg 700w, https:\/\/maboule.be\/wp-content\/uploads\/2017\/12\/vlan2.jpg 1779w\" sizes=\"auto, (max-width: 1024px) 100vw, 1024px\" \/><\/li>\n<li>La Libre<img loading=\"lazy\" decoding=\"async\" class=\"alignnone size-large wp-image-334\" src=\"http:\/\/genappe-perd-la-boule.be\/wp-content\/uploads\/2017\/12\/genappeperdlaboule-lalibre-copie-752x1024.jpg\" alt=\"\" width=\"752\" height=\"1024\" srcset=\"https:\/\/maboule.be\/wp-content\/uploads\/2017\/12\/genappeperdlaboule-lalibre-copie-752x1024.jpg 752w, https:\/\/maboule.be\/wp-content\/uploads\/2017\/12\/genappeperdlaboule-lalibre-copie-220x300.jpg 220w, https:\/\/maboule.be\/wp-content\/uploads\/2017\/12\/genappeperdlaboule-lalibre-copie-768x1046.jpg 768w, https:\/\/maboule.be\/wp-content\/uploads\/2017\/12\/genappeperdlaboule-lalibre-copie-700x953.jpg 700w\" sizes=\"auto, (max-width: 752px) 100vw, 752px\" \/><\/li>\n<li>L&rsquo;Avenir<\/li>\n<\/ul>\n<ul>\n<li><img loading=\"lazy\" decoding=\"async\" class=\"alignnone size-large wp-image-342\" src=\"http:\/\/genappe-perd-la-boule.be\/wp-content\/uploads\/2017\/12\/vers-lavenir-dec-2017-724x1024.jpg\" alt=\"\" width=\"724\" height=\"1024\" srcset=\"https:\/\/maboule.be\/wp-content\/uploads\/2017\/12\/vers-lavenir-dec-2017-724x1024.jpg 724w, https:\/\/maboule.be\/wp-content\/uploads\/2017\/12\/vers-lavenir-dec-2017-212x300.jpg 212w, https:\/\/maboule.be\/wp-content\/uploads\/2017\/12\/vers-lavenir-dec-2017-768x1086.jpg 768w, https:\/\/maboule.be\/wp-content\/uploads\/2017\/12\/vers-lavenir-dec-2017-700x990.jpg 700w\" sizes=\"auto, (max-width: 724px) 100vw, 724px\" \/>La Capitale<img loading=\"lazy\" decoding=\"async\" class=\"alignnone size-large wp-image-335\" src=\"http:\/\/genappe-perd-la-boule.be\/wp-content\/uploads\/2017\/12\/Capture-d\u00e9cran-2017-12-15-08.21.58-1024x1011.png\" alt=\"\" width=\"1024\" height=\"1011\" srcset=\"https:\/\/maboule.be\/wp-content\/uploads\/2017\/12\/Capture-d\u00e9cran-2017-12-15-08.21.58-1024x1011.png 1024w, https:\/\/maboule.be\/wp-content\/uploads\/2017\/12\/Capture-d\u00e9cran-2017-12-15-08.21.58-300x296.png 300w, https:\/\/maboule.be\/wp-content\/uploads\/2017\/12\/Capture-d\u00e9cran-2017-12-15-08.21.58-768x758.png 768w, https:\/\/maboule.be\/wp-content\/uploads\/2017\/12\/Capture-d\u00e9cran-2017-12-15-08.21.58-700x691.png 700w, https:\/\/maboule.be\/wp-content\/uploads\/2017\/12\/Capture-d\u00e9cran-2017-12-15-08.21.58.png 1690w\" sizes=\"auto, (max-width: 1024px) 100vw, 1024px\" \/><\/li>\n<li>TV COM<\/li>\n<\/ul>\n<p><a href=\"http:\/\/www.tvcom.be\/video\/info\/evye-nements\/genappe-a-perdu-la-boule-une-quatrieme-fois-_21066_89.html\">Reportage TV COM<\/a><\/p>\n","protected":false},"excerpt":{"rendered":"<p>Genappe perd la boule. De la slow-marionnette &#8211; Le Soir MAD 12.12.2018 La F\u00e9erie Genappoise va vous faire perdre la Boule &#8211; VLAN L&rsquo;Aclot 05.12.2018 Des marionnettes d\u00e9jant\u00e9es &#8211; Proximag 05.12.2018 \u00a0A la T.V.:\u00a0https:\/\/www.tvcom.be\/video\/culture\/l-invite-vincent-girboux-genappe-perd-la-boule_23101.html *** GPLB 2017 Le Soir D\u00e9cembre 2017 Vlan La Libre L&rsquo;Avenir&#8230;<\/p>\n","protected":false},"author":2,"featured_media":0,"parent":0,"menu_order":0,"comment_status":"closed","ping_status":"closed","template":"","meta":{"inline_featured_image":false,"footnotes":""},"class_list":["post-329","page","type-page","status-publish","hentry"],"_links":{"self":[{"href":"https:\/\/maboule.be\/index.php\/wp-json\/wp\/v2\/pages\/329","targetHints":{"allow":["GET"]}}],"collection":[{"href":"https:\/\/maboule.be\/index.php\/wp-json\/wp\/v2\/pages"}],"about":[{"href":"https:\/\/maboule.be\/index.php\/wp-json\/wp\/v2\/types\/page"}],"author":[{"embeddable":true,"href":"https:\/\/maboule.be\/index.php\/wp-json\/wp\/v2\/users\/2"}],"replies":[{"embeddable":true,"href":"https:\/\/maboule.be\/index.php\/wp-json\/wp\/v2\/comments?post=329"}],"version-history":[{"count":11,"href":"https:\/\/maboule.be\/index.php\/wp-json\/wp\/v2\/pages\/329\/revisions"}],"predecessor-version":[{"id":2806,"href":"https:\/\/maboule.be\/index.php\/wp-json\/wp\/v2\/pages\/329\/revisions\/2806"}],"wp:attachment":[{"href":"https:\/\/maboule.be\/index.php\/wp-json\/wp\/v2\/media?parent=329"}],"curies":[{"name":"wp","href":"https:\/\/api.w.org\/{rel}","templated":true}]}}