{"id":2573,"date":"2024-10-14T14:13:45","date_gmt":"2024-10-14T12:13:45","guid":{"rendered":"https:\/\/maboule.be\/index.php\/maboule-22-3\/"},"modified":"2025-04-28T12:15:19","modified_gmt":"2025-04-28T10:15:19","slug":"maboule-24","status":"publish","type":"page","link":"https:\/\/maboule.be\/index.php\/maboule-24\/","title":{"rendered":"MAboule 24"},"content":{"rendered":"<div class=\"wpb-content-wrapper\"><p>[vc_row css_animation=\u00a0\u00bb\u00a0\u00bb row_type=\u00a0\u00bbrow\u00a0\u00bb use_row_as_full_screen_section=\u00a0\u00bbno\u00a0\u00bb type=\u00a0\u00bbfull_width\u00a0\u00bb angled_section=\u00a0\u00bbno\u00a0\u00bb text_align=\u00a0\u00bbleft\u00a0\u00bb background_image_as_pattern=\u00a0\u00bbwithout_pattern\u00a0\u00bb z_index=\u00a0\u00bb\u00a0\u00bb side_padding=\u00a0\u00bb2&Prime; anchor=\u00a0\u00bbtexte22&Prime; css=\u00a0\u00bb.vc_custom_1728911156126{background-color: #000000 !important;}\u00a0\u00bb padding_bottom=\u00a0\u00bb0&Prime;][vc_column][vc_single_image image=\u00a0\u00bb2609&Prime; img_size=\u00a0\u00bblarge\u00a0\u00bb alignment=\u00a0\u00bbcenter\u00a0\u00bb css=\u00a0\u00bb\u00a0\u00bb qode_css_animation=\u00a0\u00bb\u00a0\u00bb][vc_empty_space height=\u00a0\u00bb30px\u00a0\u00bb][vc_empty_space height=\u00a0\u00bb30px\u00a0\u00bb][vc_column_text css=\u00a0\u00bb\u00a0\u00bb el_class=\u00a0\u00bbblanc\u00a0\u00bb]<\/p>\n<h1 class=\"xdj266r x11i5rnm xat24cr x1mh8g0r x1vvkbs x126k92a\" style=\"text-align: center;\">Les d\u00e9montages et les d\u00e9comptes sont termin\u00e9s, les \u00e9quipes du TOF Th\u00e9\u00e2tre et du MONTY peuvent \u00eatre fi\u00e8res de cette folle \u00e9dition !<\/h1>\n<p>[\/vc_column_text][vc_empty_space height=\u00a0\u00bb30px\u00a0\u00bb][vc_empty_space height=\u00a0\u00bb30px\u00a0\u00bb][vc_column_text css=\u00a0\u00bb\u00a0\u00bb el_class=\u00a0\u00bbblanc\u00a0\u00bb]<\/p>\n<p style=\"text-align: center;\">Pour ce 10 \u00e8me anniversaire, le festival MAboule a accueilli :<\/p>\n<p style=\"text-align: center;\">25 spectacles et 1 expo,<\/p>\n<p style=\"text-align: center;\">78 repr\u00e9sentations, plus les agitations foraines en rue,<\/p>\n<p style=\"text-align: center;\">63 artistes issus de 7 pays : Belgique francophone, Flandre (focus Flandre), France (focus Grand Est), Suisse, Italie, Espagne, Allemagne, S\u00e9n\u00e9gal.<\/p>\n<p style=\"text-align: center;\">90 programmateur\u00b7ice\u00b7s issu\u00b7e\u00b7 s de 13 pays : Belgique francophone, n\u00e9erlandophone et germanophone, France, R\u00e9publique Tch\u00e8que, Slov\u00e9nie, Espagne, Italie, Luxembourg, Canada, Finlande, Allemagne, Suisse, Pays-Bas, S\u00e9n\u00e9gal.<\/p>\n<p style=\"text-align: center;\">Plus de 4700 si\u00e8ges ont \u00e9t\u00e9 occup\u00e9s dans 14 salles \/ taux de remplissage de plus de 95% et plus de 500 personnes ont profit\u00e9 des concerts et animations en ext\u00e9rieur.<\/p>\n<p style=\"text-align: center;\">Tout cela a \u00e9t\u00e9 port\u00e9 par les \u00e9quipes du <span class=\"html-span xdj266r x11i5rnm xat24cr x1mh8g0r xexx8yu x4uap5 x18d9i69 xkhd6sd x1hl2dhg x16tdsg8 x1vvkbs\"><a class=\"x1i10hfl xjbqb8w x1ejq31n xd10rxx x1sy0etr x17r0tee x972fbf xcfux6l x1qhh985 xm0m39n x9f619 x1ypdohk xt0psk2 xe8uvvx xdj266r x11i5rnm xat24cr x1mh8g0r xexx8yu x4uap5 x18d9i69 xkhd6sd x16tdsg8 x1hl2dhg xggy1nq x1a2a7pz x1sur9pj xkrqix3 x1fey0fg x1s688f\" tabindex=\"0\" role=\"link\" href=\"https:\/\/www.facebook.com\/toftheatre?__cft__[0]=AZV5PypjSdTsD4yIR6D66ZuwY4zTWddTI6OHVMTPIsdhCnPRahYoKyf6RdMFxtOsKPUv0nCgWlVaA_vjn4KQtkRXSfzukwwsSMtlw3v4waDZQR0Z7rbVdyb7y2_YY86VWVRp7qfJSn3-3nydsqverVQWPW1_eVb6NU3Kj1apxBaTJyGzsWg7jy0f6BGiTdi5H3A&amp;__tn__=-]K-R\"><span class=\"xt0psk2\">TOF Th\u00e9\u00e2tre<\/span><\/a><\/span> et du <span class=\"html-span xdj266r x11i5rnm xat24cr x1mh8g0r xexx8yu x4uap5 x18d9i69 xkhd6sd x1hl2dhg x16tdsg8 x1vvkbs\"><a class=\"x1i10hfl xjbqb8w x1ejq31n xd10rxx x1sy0etr x17r0tee x972fbf xcfux6l x1qhh985 xm0m39n x9f619 x1ypdohk xt0psk2 xe8uvvx xdj266r x11i5rnm xat24cr x1mh8g0r xexx8yu x4uap5 x18d9i69 xkhd6sd x16tdsg8 x1hl2dhg xggy1nq x1a2a7pz x1sur9pj xkrqix3 x1fey0fg x1s688f\" tabindex=\"0\" role=\"link\" href=\"https:\/\/www.facebook.com\/LeMontyGenappe?__cft__[0]=AZV5PypjSdTsD4yIR6D66ZuwY4zTWddTI6OHVMTPIsdhCnPRahYoKyf6RdMFxtOsKPUv0nCgWlVaA_vjn4KQtkRXSfzukwwsSMtlw3v4waDZQR0Z7rbVdyb7y2_YY86VWVRp7qfJSn3-3nydsqverVQWPW1_eVb6NU3Kj1apxBaTJyGzsWg7jy0f6BGiTdi5H3A&amp;__tn__=-]K-R\"><span class=\"xt0psk2\">Le MONTY<\/span><\/a><\/span>, soutenues par plus de 100 b\u00e9n\u00e9voles et par 14 technicien\u00b7ne\u00b7s, sur le pont, de jour comme de nuit.<\/p>\n<p style=\"text-align: center;\">Et tout ce beau monde a \u00e9t\u00e9 r\u00e9gal\u00e9 par Louise et Martin, nos chefs cuistots qui ont servi au MONTY plus de 1000 repas&#8230;<\/p>\n<p style=\"text-align: center;\">Bref, le festival porte bien son nom, c\u2019\u00e9tait MABOULE !<\/p>\n<p>[\/vc_column_text][vc_empty_space height=\u00a0\u00bb15px\u00a0\u00bb][vc_empty_space height=\u00a0\u00bb15px\u00a0\u00bb][vc_column_text css=\u00a0\u00bb\u00a0\u00bb el_class=\u00a0\u00bbblanc\u00a0\u00bb]<\/p>\n<p style=\"text-align: center;\">Merci \u00e0 tous\u00b7tes les artistes : Cie Bake\u0301lite; Lucinda Ra\/ Stefanie Claes, Philippe Lefebvre, Julie Dumons (F.L.O.P.), Cie Arts et Couleur, Cie Artra, Ultima Thule, Tangram KollectiV, Scopitone &amp; cie, Cie du Botte-cul, Jordi Bertran, Andrea D\u00edaz Reboredo, The\u0301a\u0302tre Magnetic, Jeanne Guillou, Julie Burg, Yaak\u2019art \/ Djarama, TOF Th\u00e9\u00e2tre, La Corneille Bleue, Oktopus Orkestars, Collectif Elan(D), Cie Titanos, Cie La Mince Affaire, Cie de l\u2019\u00c9chelle , Emanuela Dall\u2019Aglio, Cathy Debrun<\/p>\n<p style=\"text-align: center;\">On remercie tous\u00b7tes nos partenaires qui ont rendu cette \u00e9dition possible : La Ville de Genappe, Vincent Girboux l\u2019Echevin de la Culture sortant, l\u2019Echevinat de la Culture, le Comit\u00e9 des f\u00eates de Genappe, le 38, Carrefour culturel, la Loterie Nationale, la F\u00e9d\u00e9ration Wallonie Bruxelles, WBI, la Province du Brabant wallon, Flanders &#8211; state of arts, CALQ, Pro Helvetia, la r\u00e9gion Grand Est, Cultuur-Culture, Institut Ramon Lull, Le Soir, Musiq3, TV COM, Le Petit Moutard, Ketje, Le Ligueur, La Ligue des Familles, Article 27, le centre de la Croix-rouge, Immo Daloze, Genappe Vision, Vinicole Leloup, caf\u00e9 La Lanterne, restaurant La Place 4, Genappe pneus, Les Salaisons du Lothier, Le potager des Hasquettes, Les douceurs du Ravel, Le Chai et la souris Fromagerie et Bar \u00e0 Vin, Taxi Girboux, Bella Terra Genappe, Renault Motors, Cosmic BD Waterloo, Pinocchio, la pharmacie Delvigne.<\/p>\n<p style=\"text-align: center;\">Les b\u00e9n\u00e9voles et les citoyen\u00b7ne\u00b7s de l\u2019entit\u00e9 qui accueillent les artistes chez eux, Oktopus Orkestars pour la musique du spot radio et t\u00e9l\u00e9, Alessio Tartaglia pour les vid\u00e9os, \u00e0 Vincent Van Utterbeeck, Cathy Debrun et Duns Finet pour les photos, \u00e0 Michel Boudru pour l\u2019image graphique du festival (et un joyeux anniversaire par la m\u00eame occasion), \u00e0 C\u00e9dric et Klaus pour cette MAboum collector, \u00e0 Serge Vincotte et Yves Daloze pour l\u2019accueil des spectacles dans les magasins du centre ville, au Maillon asbl pour le v\u00e9lo cargo, aux \u00e9quipes de La Maison Galil\u00e9e, de la Salle Saint-Martin, de l\u2019Espace 2000 (salle polyvalente), de l\u2019\u00c9cole secondaire Nespa \u2013 BW ainsi que tous les \u00e9tudiants qui nous ont aid\u00e9s pour la communication et l\u2019accueil en salle, le Caf\u00e9 de La Lanterne, le Th\u00e9\u00e2tre 140 \u00e0 Bruxelles pour sa programmation en ap\u00e9ritif du festival et tous les ouvriers\/employ\u00e9s de la Ville de Genappe sur le pont pour l\u2019organisation de cet \u00e9v\u00e9nement !<\/p>\n<p>[\/vc_column_text][vc_empty_space height=\u00a0\u00bb15px\u00a0\u00bb][vc_empty_space height=\u00a0\u00bb15px\u00a0\u00bb][vc_column_text css=\u00a0\u00bb\u00a0\u00bb el_class=\u00a0\u00bbblanc\u00a0\u00bb]<\/p>\n<h1 class=\"x11i5rnm xat24cr x1mh8g0r x1vvkbs xtlvy1s x126k92a\" style=\"text-align: center;\">Notre prochain d\u00e9fi, et nous nous y attaquerons d\u00e8s janvier : trouver les moyens financiers de p\u00e9renniser le festival. Nous y croyons ! On vous dit, \u00e0 l\u2019ann\u00e9e prochaine ?<\/h1>\n<h3 style=\"text-align: center;\"><\/h3>\n<p>[\/vc_column_text][vc_empty_space height=\u00a0\u00bb15px\u00a0\u00bb][vc_empty_space height=\u00a0\u00bb15px\u00a0\u00bb][vc_empty_space height=\u00a0\u00bb15px\u00a0\u00bb][vc_row_inner row_type=\u00a0\u00bbrow\u00a0\u00bb type=\u00a0\u00bbfull_width\u00a0\u00bb text_align=\u00a0\u00bbleft\u00a0\u00bb css_animation=\u00a0\u00bb\u00a0\u00bb][vc_column_inner width=\u00a0\u00bb1\/4&Prime;][\/vc_column_inner][vc_column_inner width=\u00a0\u00bb1\/4&Prime;]<a  itemprop=\"url\" href=\"https:\/\/maboule.be\/index.php\/souvenirs-2024\/\" target=\"_self\" data-hover-color=\"#EEEEEE\" class=\"qbutton  big_large center default\" style=\"color: #EEEEEE; border-color: #CC1321; \">Photos<\/a>[\/vc_column_inner][vc_column_inner width=\u00a0\u00bb1\/4&Prime;]<a  itemprop=\"url\" href=\"https:\/\/maboule.be\/index.php\/presse-24\/\" target=\"_self\"  class=\"qbutton  big_large center default\" style=\"color: #EEEEEE; border-color: #CC1321; \">Revue de presse<\/a>[\/vc_column_inner][vc_column_inner width=\u00a0\u00bb1\/4&Prime;][\/vc_column_inner][\/vc_row_inner][vc_empty_space height=\u00a0\u00bb15px\u00a0\u00bb][vc_empty_space height=\u00a0\u00bb15px\u00a0\u00bb][vc_empty_space height=\u00a0\u00bb15px\u00a0\u00bb][\/vc_column][\/vc_row][vc_row css_animation=\u00a0\u00bb\u00a0\u00bb row_type=\u00a0\u00bbrow\u00a0\u00bb use_row_as_full_screen_section=\u00a0\u00bbno\u00a0\u00bb type=\u00a0\u00bbfull_width\u00a0\u00bb angled_section=\u00a0\u00bbno\u00a0\u00bb text_align=\u00a0\u00bbleft\u00a0\u00bb background_image_as_pattern=\u00a0\u00bbwithout_pattern\u00a0\u00bb][vc_column css=\u00a0\u00bb.vc_custom_1728912737622{padding-top: 20px !important;padding-right: 20px !important;padding-bottom: 20px !important;padding-left: 20px !important;background-color: #384678 !important;border-radius: 10px !important;}\u00a0\u00bb][vc_column_text css=\u00a0\u00bb\u00a0\u00bb el_class=\u00a0\u00bbvert\u00a0\u00bb]<\/p>\n<p style=\"text-align: center;\">Le Festival MAboule est l\u2019un des rendez-vous\u00a0 d\u00e9di\u00e9s \u00e0 l\u2019art de la marionnette contemporaine en Belgique. Il est co-organis\u00e9 par le <strong>TOF Th\u00e9\u00e2tre<\/strong> et le <strong>MONTY,<\/strong> cofinanc\u00e9 par <strong>la Ville de Genappe<\/strong> et le TOF Th\u00e9\u00e2tre, aid\u00e9 par le <strong>Minist\u00e8re de la Culture de la F\u00e9d\u00e9ration Wallonie-Bruxelles<\/strong> (service de la Cr\u00e9ation Artistique Arts Vivants), les Tourn\u00e9es <strong>Art &amp; Vie<\/strong>, le <strong>WBI<\/strong> (Wallonie-Bruxelles International) et la <strong>Loterie Nationale.<\/strong><\/p>\n<p style=\"text-align: center;\">Le Festival est organis\u00e9 dans le cadre des festivit\u00e9s <a href=\"https:\/\/genappe-perd-la-boule.be\/\" target=\"_blank\" rel=\"noopener\">Genappe perd la boule<\/a> organis\u00e9es par la Ville de Genappe, coordonn\u00e9es par l\u2019\u00e9chevinat de la Culture, en collaboration avec le TOF Th\u00e9\u00e2tre, le Comit\u00e9 des F\u00eates de Genappe et le 38 Carrefour Culturel.<\/p>\n<p>[\/vc_column_text][vc_empty_space height=\u00a0\u00bb15px\u00a0\u00bb][vc_empty_space height=\u00a0\u00bb15px\u00a0\u00bb][\/vc_column][\/vc_row][vc_row css_animation=\u00a0\u00bb\u00a0\u00bb row_type=\u00a0\u00bbrow\u00a0\u00bb use_row_as_full_screen_section=\u00a0\u00bbno\u00a0\u00bb type=\u00a0\u00bbfull_width\u00a0\u00bb angled_section=\u00a0\u00bbno\u00a0\u00bb text_align=\u00a0\u00bbleft\u00a0\u00bb background_image_as_pattern=\u00a0\u00bbwithout_pattern\u00a0\u00bb z_index=\u00a0\u00bb\u00a0\u00bb background_color=\u00a0\u00bb#000000&Prime;][vc_column][vc_empty_space][vc_column_text css=\u00a0\u00bb\u00a0\u00bb el_class=\u00a0\u00bbblanc\u00a0\u00bb]<\/p>\n<p style=\"text-align: center;\">L\u2019\u00e9quipe du TOF Th\u00e9\u00e2tre et du MONTY<\/p>\n<p>[\/vc_column_text][vc_empty_space][\/vc_column][\/vc_row]<\/p>\n<\/div>","protected":false},"excerpt":{"rendered":"<p>[vc_row css_animation=\u00a0\u00bb\u00a0\u00bb row_type=\u00a0\u00bbrow\u00a0\u00bb use_row_as_full_screen_section=\u00a0\u00bbno\u00a0\u00bb type=\u00a0\u00bbfull_width\u00a0\u00bb angled_section=\u00a0\u00bbno\u00a0\u00bb text_align=\u00a0\u00bbleft\u00a0\u00bb background_image_as_pattern=\u00a0\u00bbwithout_pattern\u00a0\u00bb z_index=\u00a0\u00bb\u00a0\u00bb side_padding=\u00a0\u00bb2&Prime; anchor=\u00a0\u00bbtexte22&Prime; css=\u00a0\u00bb.vc_custom_1728911156126{background-color: #000000 !important;}\u00a0\u00bb padding_bottom=\u00a0\u00bb0&Prime;][vc_column][vc_single_image image=\u00a0\u00bb2609&Prime; img_size=\u00a0\u00bblarge\u00a0\u00bb alignment=\u00a0\u00bbcenter\u00a0\u00bb css=\u00a0\u00bb\u00a0\u00bb qode_css_animation=\u00a0\u00bb\u00a0\u00bb][vc_empty_space height=\u00a0\u00bb30px\u00a0\u00bb][vc_empty_space height=\u00a0\u00bb30px\u00a0\u00bb][vc_column_text css=\u00a0\u00bb\u00a0\u00bb el_class=\u00a0\u00bbblanc\u00a0\u00bb] Les d\u00e9montages et les d\u00e9comptes sont termin\u00e9s, les \u00e9quipes du TOF Th\u00e9\u00e2tre et du MONTY peuvent \u00eatre fi\u00e8res de cette folle&#8230;<\/p>\n","protected":false},"author":2,"featured_media":0,"parent":0,"menu_order":0,"comment_status":"closed","ping_status":"closed","template":"","meta":{"inline_featured_image":false,"footnotes":""},"class_list":["post-2573","page","type-page","status-publish","hentry"],"_links":{"self":[{"href":"https:\/\/maboule.be\/index.php\/wp-json\/wp\/v2\/pages\/2573","targetHints":{"allow":["GET"]}}],"collection":[{"href":"https:\/\/maboule.be\/index.php\/wp-json\/wp\/v2\/pages"}],"about":[{"href":"https:\/\/maboule.be\/index.php\/wp-json\/wp\/v2\/types\/page"}],"author":[{"embeddable":true,"href":"https:\/\/maboule.be\/index.php\/wp-json\/wp\/v2\/users\/2"}],"replies":[{"embeddable":true,"href":"https:\/\/maboule.be\/index.php\/wp-json\/wp\/v2\/comments?post=2573"}],"version-history":[{"count":46,"href":"https:\/\/maboule.be\/index.php\/wp-json\/wp\/v2\/pages\/2573\/revisions"}],"predecessor-version":[{"id":3035,"href":"https:\/\/maboule.be\/index.php\/wp-json\/wp\/v2\/pages\/2573\/revisions\/3035"}],"wp:attachment":[{"href":"https:\/\/maboule.be\/index.php\/wp-json\/wp\/v2\/media?parent=2573"}],"curies":[{"name":"wp","href":"https:\/\/api.w.org\/{rel}","templated":true}]}}