{"id":1677,"date":"2022-11-18T12:14:45","date_gmt":"2022-11-18T11:14:45","guid":{"rendered":"https:\/\/maboule.be\/index.php\/billeterie-2\/"},"modified":"2025-11-26T17:30:14","modified_gmt":"2025-11-26T16:30:14","slug":"pros","status":"publish","type":"page","link":"https:\/\/maboule.be\/index.php\/pros\/","title":{"rendered":"PRO"},"content":{"rendered":"<div class=\"wpb-content-wrapper\"><p>[vc_row css_animation=\u00a0\u00bb\u00a0\u00bb row_type=\u00a0\u00bbrow\u00a0\u00bb use_row_as_full_screen_section=\u00a0\u00bbno\u00a0\u00bb type=\u00a0\u00bbfull_width\u00a0\u00bb angled_section=\u00a0\u00bbno\u00a0\u00bb text_align=\u00a0\u00bbleft\u00a0\u00bb background_image_as_pattern=\u00a0\u00bbwithout_pattern\u00a0\u00bb][vc_column offset=\u00a0\u00bbvc_hidden-lg vc_hidden-md vc_hidden-sm vc_hidden-xs\u00a0\u00bb][vc_column_text]<\/p>\n<p style=\"text-align: center;\"><a  itemprop=\"url\" href=\"https:\/\/frontoffice.byemisys.com\/shop\/MabouleFestival2021\/official\/fr\/products\/#\/tickets\" target=\"_blank\"  class=\"qbutton  large default\" style=\"\">r\u00e9servez ici<i class=\"qode_icon_font_awesome fa fa-ticket qode_button_icon_element\"><\/i><\/a><\/p>\n<p>[\/vc_column_text][vc_empty_space][\/vc_column][\/vc_row][vc_row css_animation=\u00a0\u00bb\u00a0\u00bb row_type=\u00a0\u00bbrow\u00a0\u00bb use_row_as_full_screen_section=\u00a0\u00bbno\u00a0\u00bb type=\u00a0\u00bbfull_width\u00a0\u00bb angled_section=\u00a0\u00bbno\u00a0\u00bb text_align=\u00a0\u00bbleft\u00a0\u00bb background_image_as_pattern=\u00a0\u00bbwithout_pattern\u00a0\u00bb][vc_column][vc_column_text css=\u00a0\u00bb.vc_custom_1729239867816{border-top-width: 2px !important;border-right-width: 2px !important;border-bottom-width: 2px !important;border-left-width: 2px !important;padding-top: 10px !important;padding-right: 10px !important;padding-bottom: 10px !important;padding-left: 10px !important;border-color: #993300 !important;}\u00a0\u00bb]<\/p>\n<h3><strong><span class=\"rouge\">VOUS \u00caTES <b>PROGRAMMATEUR\u00b7TRICE<\/b>\u00a0 ?<br \/>\n<\/span><\/strong><\/h3>\n<p>[\/vc_column_text][vc_empty_space][vc_column_text css=\u00a0\u00bb.vc_custom_1764174612567{border-top-width: 2px !important;border-right-width: 2px !important;border-bottom-width: 2px !important;border-left-width: 2px !important;padding-top: 10px !important;padding-right: 10px !important;padding-bottom: 10px !important;padding-left: 10px !important;border-color: #993300 !important;}\u00a0\u00bb]<\/p>\n<h3><strong><b>Nous sommes ravis de vous accueillir ! W<em>e are delighted to welcome you!<\/em><\/b><\/strong><\/h3>\n<p>&nbsp;<\/p>\n<p><a href=\"https:\/\/forms.gle\/96Mevo9d6UeU4u7M6\" target=\"_blank\" rel=\"noopener\">Accr\u00e9ditez vous via ce formulaire<\/a><\/p>\n<p>Apr\u00e8s validation, vous recevrez un code pour r\u00e9server vos tickets au tarif pr\u00e9f\u00e9rentiel \/ <em>After confirmation, you will receive a code to book your tickets at the preferential rate.<\/em><\/p>\n<p>&nbsp;<\/p>\n<h3>Contact :<\/h3>\n<p>&nbsp;<\/p>\n<p>My Linh BUI<br \/>\nPar t\u00e9l\u00e9phone \/ <em>By phone<\/em><\/p>\n<p><span style=\"color: #ff9300;\">+ 33 6 88 18 72 32 (France)<br \/>\n+ 32 473 594 325 (Belgique)<\/span><\/p>\n<p><a href=\"mailto:mbui@toftheatre.be\" target=\"_blank\" rel=\"noopener\">Par email <\/a>[\/vc_column_text][vc_empty_space][\/vc_column][\/vc_row]<\/p>\n<\/div>","protected":false},"excerpt":{"rendered":"<p>[vc_row css_animation=\u00a0\u00bb\u00a0\u00bb row_type=\u00a0\u00bbrow\u00a0\u00bb use_row_as_full_screen_section=\u00a0\u00bbno\u00a0\u00bb type=\u00a0\u00bbfull_width\u00a0\u00bb angled_section=\u00a0\u00bbno\u00a0\u00bb text_align=\u00a0\u00bbleft\u00a0\u00bb background_image_as_pattern=\u00a0\u00bbwithout_pattern\u00a0\u00bb][vc_column offset=\u00a0\u00bbvc_hidden-lg vc_hidden-md vc_hidden-sm vc_hidden-xs\u00a0\u00bb][vc_column_text] [\/vc_column_text][vc_empty_space][\/vc_column][\/vc_row][vc_row css_animation=\u00a0\u00bb\u00a0\u00bb row_type=\u00a0\u00bbrow\u00a0\u00bb use_row_as_full_screen_section=\u00a0\u00bbno\u00a0\u00bb type=\u00a0\u00bbfull_width\u00a0\u00bb angled_section=\u00a0\u00bbno\u00a0\u00bb text_align=\u00a0\u00bbleft\u00a0\u00bb background_image_as_pattern=\u00a0\u00bbwithout_pattern\u00a0\u00bb][vc_column][vc_column_text css=\u00a0\u00bb.vc_custom_1729239867816{border-top-width: 2px !important;border-right-width: 2px !important;border-bottom-width: 2px !important;border-left-width: 2px !important;padding-top: 10px !important;padding-right: 10px !important;padding-bottom: 10px !important;padding-left: 10px !important;border-color: #993300 !important;}\u00a0\u00bb] VOUS \u00caTES PROGRAMMATEUR\u00b7TRICE\u00a0 ? [\/vc_column_text][vc_empty_space][vc_column_text css=\u00a0\u00bb.vc_custom_1764174612567{border-top-width:&#8230;<\/p>\n","protected":false},"author":2,"featured_media":0,"parent":0,"menu_order":0,"comment_status":"closed","ping_status":"closed","template":"","meta":{"inline_featured_image":false,"footnotes":""},"class_list":["post-1677","page","type-page","status-publish","hentry"],"_links":{"self":[{"href":"https:\/\/maboule.be\/index.php\/wp-json\/wp\/v2\/pages\/1677","targetHints":{"allow":["GET"]}}],"collection":[{"href":"https:\/\/maboule.be\/index.php\/wp-json\/wp\/v2\/pages"}],"about":[{"href":"https:\/\/maboule.be\/index.php\/wp-json\/wp\/v2\/types\/page"}],"author":[{"embeddable":true,"href":"https:\/\/maboule.be\/index.php\/wp-json\/wp\/v2\/users\/2"}],"replies":[{"embeddable":true,"href":"https:\/\/maboule.be\/index.php\/wp-json\/wp\/v2\/comments?post=1677"}],"version-history":[{"count":19,"href":"https:\/\/maboule.be\/index.php\/wp-json\/wp\/v2\/pages\/1677\/revisions"}],"predecessor-version":[{"id":3310,"href":"https:\/\/maboule.be\/index.php\/wp-json\/wp\/v2\/pages\/1677\/revisions\/3310"}],"wp:attachment":[{"href":"https:\/\/maboule.be\/index.php\/wp-json\/wp\/v2\/media?parent=1677"}],"curies":[{"name":"wp","href":"https:\/\/api.w.org\/{rel}","templated":true}]}}